{"id":3799,"date":"2024-11-26T12:16:24","date_gmt":"2024-11-26T12:16:24","guid":{"rendered":"https:\/\/aurabedding.com\/index.php\/felhasznalasi-feltetelek\/"},"modified":"2024-11-27T20:25:08","modified_gmt":"2024-11-27T20:25:08","slug":"felhasznalasi-feltetelek","status":"publish","type":"page","link":"https:\/\/aurabedding.com\/hu\/index.php\/felhasznalasi-feltetelek\/","title":{"rendered":"Felhaszn\u00e1l\u00e1si felt\u00e9telek"},"content":{"rendered":"\t\t<div data-elementor-type=\"wp-page\" data-elementor-id=\"3799\" class=\"elementor elementor-3799 elementor-2161\" data-elementor-post-type=\"page\">\n\t\t\t\t<div data-particle_enable=\"false\" data-particle-mobile-disabled=\"false\" class=\"elementor-element elementor-element-6ac049f e-flex e-con-boxed e-con e-parent\" data-id=\"6ac049f\" data-element_type=\"container\">\n\t\t\t\t\t<div class=\"e-con-inner\">\n\t\t\t\t<div class=\"elementor-element elementor-element-0ef0242 elementor-widget elementor-widget-text-editor\" data-id=\"0ef0242\" data-element_type=\"widget\" data-widget_type=\"text-editor.default\">\n\t\t\t\t<div class=\"elementor-widget-container\">\n\t\t\t\t\t\t\t<h1 data-pm-slice=\"1 1 []\">Felhaszn\u00e1l\u00e1si felt\u00e9telek<\/h1>\n<h2>Bevezet\u00e9s<\/h2>\n<p>\u00dcdv\u00f6z\u00f6lj\u00fck a www.aurabedding.com (a &#8222;Weboldal&#8221;) weboldalon, amelyet a Hungaria Down Ltd. \u00fczemeltet. (&#8222;mi&#8221;, &#8222;minket&#8221; vagy &#8222;mi\u00e9nk&#8221;) \u00fczemelteti. A Honlaphoz val\u00f3 hozz\u00e1f\u00e9r\u00e9ssel vagy annak haszn\u00e1lat\u00e1val \u00d6n beleegyezik, hogy betartja \u00e9s mag\u00e1ra n\u00e9zve k\u00f6telez\u0151nek tekinti a jelen Felhaszn\u00e1l\u00e1si felt\u00e9teleket (&#8222;Felt\u00e9telek&#8221;). Ha nem \u00e9rt egyet a jelen Felt\u00e9telekkel, k\u00e9rj\u00fck, ne haszn\u00e1lja a Weboldalt.<\/p>\n<h2>Weboldal haszn\u00e1lata<\/h2>\n<h3>1. T\u00e1mogathat\u00f3s\u00e1g<\/h3>\n<p>Weboldalunk haszn\u00e1lat\u00e1hoz legal\u00e1bb 18 \u00e9vesnek kell lennie, vagy rendelkeznie kell sz\u00fcl\u0151i\/gy\u00e1mi beleegyez\u00e9ssel, \u00e9s bele kell egyeznie a jelen Felt\u00e9telek betart\u00e1s\u00e1ba. A Weboldal haszn\u00e1lata azt jelzi, hogy \u00d6n megfelel ezeknek a k\u00f6vetelm\u00e9nyeknek.<\/p>\n<h3>2. Enged\u00e9lyezett haszn\u00e1lat<\/h3>\n<p>\u00d6n kiz\u00e1r\u00f3lag szem\u00e9lyes, nem kereskedelmi c\u00e9lokra haszn\u00e1lhatja a Weboldalt. B\u00e1rmilyen jogosulatlan felhaszn\u00e1l\u00e1s, bele\u00e9rtve, de nem kiz\u00e1r\u00f3lagosan a vissza\u00e9l\u00e9st, a hackel\u00e9st vagy a tartalom enged\u00e9ly n\u00e9lk\u00fcli reproduk\u00e1l\u00e1s\u00e1t, szigor\u00faan tilos.<\/p>\n<h3>3. Sz\u00e1mla regisztr\u00e1ci\u00f3<\/h3>\n<p>Egyes funkci\u00f3k, mint p\u00e9ld\u00e1ul a h\u00edrlev\u00e9lre val\u00f3 feliratkoz\u00e1s, szem\u00e9lyes adatok megad\u00e1s\u00e1ra k\u00f6telezhetik \u00d6nt. \u00d6n v\u00e1llalja, hogy pontos \u00e9s aktu\u00e1lis inform\u00e1ci\u00f3kat ad meg, \u00e9s azokat sz\u00fcks\u00e9g szerint friss\u00edti. \u00d6n felel\u0151s a sz\u00e1mlaadatai bizalmas kezel\u00e9s\u00e9\u00e9rt \u00e9s a fi\u00f3kja alatt v\u00e9gzett minden tev\u00e9kenys\u00e9g\u00e9rt.<\/p>\n<h2>Szellemi tulajdon<\/h2>\n<p>A Weboldalon tal\u00e1lhat\u00f3 minden tartalom, bele\u00e9rtve a sz\u00f6vegeket, grafik\u00e1kat, log\u00f3kat, k\u00e9peket \u00e9s szoftvereket, a Hungaria Down Kft. vagy annak tartalomszolg\u00e1ltat\u00f3i tulajdon\u00e1t k\u00e9pezi, \u00e9s szerz\u0151i jog, v\u00e9djegy \u00e9s egy\u00e9b szellemi tulajdonjogok v\u00e9delme alatt \u00e1ll. El\u0151zetes \u00edr\u00e1sbeli hozz\u00e1j\u00e1rul\u00e1sunk n\u00e9lk\u00fcl nem reproduk\u00e1lhatja, nem terjesztheti, \u00e9s nem hozhat l\u00e9tre sz\u00e1rmaz\u00e9kos m\u0171veket.<\/p>\n<h2>Felel\u0151ss\u00e9gi nyilatkozat<\/h2>\n<h3>1. Nincs garancia<\/h3>\n<p>A Webhelyet &#8222;ahogy van&#8221; \u00e9s &#8222;ahogy rendelkez\u00e9sre \u00e1ll&#8221; alapon biztos\u00edtjuk. Nem garant\u00e1ljuk a tartalom pontoss\u00e1g\u00e1t, teljess\u00e9g\u00e9t vagy megb\u00edzhat\u00f3s\u00e1g\u00e1t, illetve a Weboldal zavartalan m\u0171k\u00f6d\u00e9s\u00e9t.<\/p>\n<h3>2. A felel\u0151ss\u00e9g korl\u00e1toz\u00e1sa<\/h3>\n<p>A Hungaria Down Kft. a t\u00f6rv\u00e9ny \u00e1ltal megengedett legteljesebb m\u00e9rt\u00e9kben nem v\u00e1llal felel\u0151ss\u00e9get semmilyen k\u00f6zvetlen, k\u00f6zvetett, v\u00e9letlen vagy k\u00f6vetkezm\u00e9nyes k\u00e1r\u00e9rt, amely a Weboldal haszn\u00e1lat\u00e1b\u00f3l vagy a Weboldal el\u00e9rhetetlens\u00e9g\u00e9b\u0151l ered.<\/p>\n<h2>Tiltott tev\u00e9kenys\u00e9gek<\/h2>\n<p>\u00d6n beleegyezik, hogy:<\/p>\n<ul data-spread=\"false\">\n<li>\n<p>A Weboldal jogellenes c\u00e9lokra t\u00f6rt\u00e9n\u0151 haszn\u00e1lata<\/p>\n<\/li>\n<li>\n<p>Megk\u00eds\u00e9reljen jogosulatlan hozz\u00e1f\u00e9r\u00e9st szerezni b\u00e1rmely rendszerhez vagy h\u00e1l\u00f3zathoz.<\/p>\n<\/li>\n<li>\n<p>K\u00e1ros k\u00f3dot vezet be, vagy megzavarja a Weboldal m\u0171k\u00f6d\u00e9s\u00e9t.<\/p>\n<\/li>\n<li>\n<p>M\u00e1sok jogait s\u00e9rt\u0151 tev\u00e9kenys\u00e9get folytatni<\/p>\n<\/li>\n<\/ul>\n<h2>Harmadik f\u00e9lt\u0151l sz\u00e1rmaz\u00f3 linkek<\/h2>\n<p>Weboldalunk az \u00d6n k\u00e9nyelme \u00e9rdek\u00e9ben harmadik f\u00e9l weboldalaira mutat\u00f3 linkeket tartalmazhat. Nem vagyunk felel\u0151sek ezen weboldalak tartalm\u00e1\u00e9rt vagy gyakorlat\u00e1\u00e9rt. A harmadik f\u00e9lt\u0151l sz\u00e1rmaz\u00f3 linkekhez val\u00f3 hozz\u00e1f\u00e9r\u00e9s saj\u00e1t felel\u0151ss\u00e9g\u00e9re t\u00f6rt\u00e9nik.<\/p>\n<h2>A jelen felt\u00e9telek m\u00f3dos\u00edt\u00e1sa<\/h2>\n<p>Fenntartjuk a jogot, hogy b\u00e1rmikor friss\u00edts\u00fck ezeket a felt\u00e9teleket. A v\u00e1ltoz\u00e1sokat ezen az oldalon az &#8222;Utols\u00f3 friss\u00edt\u00e9s&#8221; d\u00e1tum\u00e1val egy\u00fctt tessz\u00fck k\u00f6zz\u00e9. A Weboldalnak a m\u00f3dos\u00edt\u00e1sokat k\u00f6vet\u0151 tov\u00e1bbi haszn\u00e1lata a m\u00f3dos\u00edtott Felt\u00e9telek elfogad\u00e1s\u00e1t jelenti.<\/p>\n<h2>Ir\u00e1nyad\u00f3 jog<\/h2>\n<p>A jelen Felt\u00e9telekre Magyarorsz\u00e1g t\u00f6rv\u00e9nyei vonatkoznak, \u00e9s azokat Magyarorsz\u00e1g t\u00f6rv\u00e9nyei szerint kell \u00e9rtelmezni. A jelen Felt\u00e9telekb\u0151l ered\u0151 b\u00e1rmely jogvita a magyarorsz\u00e1gi b\u00edr\u00f3s\u00e1gok kiz\u00e1r\u00f3lagos joghat\u00f3s\u00e1ga al\u00e1 tartozik.<\/p>\n<h2>Kapcsolatfelv\u00e9tel<\/h2>\n<p>Ha b\u00e1rmilyen k\u00e9rd\u00e9se van a jelen Felt\u00e9telekkel kapcsolatban, k\u00e9rj\u00fck, l\u00e9pjen kapcsolatba vel\u00fcnk:<\/p>\n<p><strong>Hungaria Down Kft.<\/strong> Email: <a>info@aurabedding.com,<\/a> c\u00edm: info@aurabedding.com: Magyarorsz\u00e1g, Mezokovacshaza, Vasarhelyi S. u 35.<\/p>\t\t\t\t\t\t<\/div>\n\t\t\t\t<\/div>\n\t\t\t\t\t<\/div>\n\t\t\t\t<\/div>\n\t\t\t\t<\/div>\n\t\t","protected":false},"excerpt":{"rendered":"<p>Felhaszn\u00e1l\u00e1si felt\u00e9telek Bevezet\u00e9s \u00dcdv\u00f6z\u00f6lj\u00fck a www.aurabedding.com (a &#8222;Weboldal&#8221;) weboldalon, amelyet a Hungaria Down Ltd. \u00fczemeltet. (&#8222;mi&#8221;, &#8222;minket&#8221; vagy &#8222;mi\u00e9nk&#8221;) \u00fczemelteti. A Honlaphoz val\u00f3 hozz\u00e1f\u00e9r\u00e9ssel vagy annak haszn\u00e1lat\u00e1val \u00d6n beleegyezik, hogy betartja \u00e9s mag\u00e1ra n\u00e9zve k\u00f6telez\u0151nek tekinti a jelen Felhaszn\u00e1l\u00e1si felt\u00e9teleket (&#8222;Felt\u00e9telek&#8221;). Ha nem \u00e9rt egyet a jelen Felt\u00e9telekkel, k\u00e9rj\u00fck, ne haszn\u00e1lja a Weboldalt. Weboldal haszn\u00e1lata [&hellip;]<\/p>\n","protected":false},"author":1,"featured_media":0,"parent":0,"menu_order":0,"comment_status":"closed","ping_status":"closed","template":"","meta":{"footnotes":""},"class_list":["post-3799","page","type-page","status-publish","hentry"],"_links":{"self":[{"href":"https:\/\/aurabedding.com\/hu\/index.php\/wp-json\/wp\/v2\/pages\/3799","targetHints":{"allow":["GET"]}}],"collection":[{"href":"https:\/\/aurabedding.com\/hu\/index.php\/wp-json\/wp\/v2\/pages"}],"about":[{"href":"https:\/\/aurabedding.com\/hu\/index.php\/wp-json\/wp\/v2\/types\/page"}],"author":[{"embeddable":true,"href":"https:\/\/aurabedding.com\/hu\/index.php\/wp-json\/wp\/v2\/users\/1"}],"replies":[{"embeddable":true,"href":"https:\/\/aurabedding.com\/hu\/index.php\/wp-json\/wp\/v2\/comments?post=3799"}],"version-history":[{"count":1,"href":"https:\/\/aurabedding.com\/hu\/index.php\/wp-json\/wp\/v2\/pages\/3799\/revisions"}],"predecessor-version":[{"id":3800,"href":"https:\/\/aurabedding.com\/hu\/index.php\/wp-json\/wp\/v2\/pages\/3799\/revisions\/3800"}],"wp:attachment":[{"href":"https:\/\/aurabedding.com\/hu\/index.php\/wp-json\/wp\/v2\/media?parent=3799"}],"curies":[{"name":"wp","href":"https:\/\/api.w.org\/{rel}","templated":true}]}}