{"id":3801,"date":"2024-11-26T12:16:24","date_gmt":"2024-11-26T12:16:24","guid":{"rendered":"https:\/\/aurabedding.com\/index.php\/nutzungsbedingungen\/"},"modified":"2024-11-27T20:25:08","modified_gmt":"2024-11-27T20:25:08","slug":"nutzungsbedingungen","status":"publish","type":"page","link":"https:\/\/aurabedding.com\/de\/index.php\/nutzungsbedingungen\/","title":{"rendered":"Nutzungsbedingungen"},"content":{"rendered":"\t\t<div data-elementor-type=\"wp-page\" data-elementor-id=\"3801\" class=\"elementor elementor-3801 elementor-2161\" data-elementor-post-type=\"page\">\n\t\t\t\t<div data-particle_enable=\"false\" data-particle-mobile-disabled=\"false\" class=\"elementor-element elementor-element-6ac049f e-flex e-con-boxed e-con e-parent\" data-id=\"6ac049f\" data-element_type=\"container\">\n\t\t\t\t\t<div class=\"e-con-inner\">\n\t\t\t\t<div class=\"elementor-element elementor-element-0ef0242 elementor-widget elementor-widget-text-editor\" data-id=\"0ef0242\" data-element_type=\"widget\" data-widget_type=\"text-editor.default\">\n\t\t\t\t<div class=\"elementor-widget-container\">\n\t\t\t\t\t\t\t<h1 data-pm-slice=\"1 1 []\">Nutzungsbedingungen<\/h1>\n<h2>Einf\u00fchrung<\/h2>\n<p>Willkommen auf www.aurabedding.com (die &#8222;Website&#8220;), betrieben von Hungaria Down Ltd. (&#8222;wir&#8220;, &#8222;uns&#8220;, oder &#8222;unser&#8220;). Indem Sie auf die Website zugreifen oder sie nutzen, erkl\u00e4ren Sie sich mit diesen Nutzungsbedingungen (&#8222;Bedingungen&#8220;) einverstanden und sind an sie gebunden. Wenn Sie mit diesen Bedingungen nicht einverstanden sind, nutzen Sie die Website bitte nicht.<\/p>\n<h2>Website Nutzung<\/h2>\n<h3>1. Anspruchsberechtigung<\/h3>\n<p>Um unsere Website nutzen zu k\u00f6nnen, m\u00fcssen Sie mindestens 18 Jahre alt sein oder die Zustimmung Ihrer Eltern oder Ihres Vormunds haben und sich mit diesen Bedingungen einverstanden erkl\u00e4ren. Die Nutzung der Website bedeutet, dass Sie diese Anforderungen erf\u00fcllen.<\/p>\n<h3>2. Erlaubte Nutzung<\/h3>\n<p>Sie sind berechtigt, die Website nur f\u00fcr pers\u00f6nliche, nicht-kommerzielle Zwecke zu nutzen. Jegliche unbefugte Nutzung, einschlie\u00dflich, aber nicht beschr\u00e4nkt auf Missbrauch, Hacking oder Vervielf\u00e4ltigung von Inhalten ohne Genehmigung, ist streng verboten.<\/p>\n<h3>3. Konto-Registrierung<\/h3>\n<p>Bei einigen Funktionen, wie z.B. der Anmeldung zum Newsletter, m\u00fcssen Sie m\u00f6glicherweise pers\u00f6nliche Daten angeben. Sie verpflichten sich, genaue und aktuelle Informationen bereitzustellen und diese bei Bedarf zu aktualisieren. Sie sind verantwortlich f\u00fcr die Geheimhaltung Ihrer Kontodaten und f\u00fcr alle Aktivit\u00e4ten, die \u00fcber Ihr Konto abgewickelt werden.<\/p>\n<h2>Geistiges Eigentum<\/h2>\n<p>Der gesamte Inhalt der Website, einschlie\u00dflich der Texte, Grafiken, Logos, Bilder und Software, ist Eigentum von Hungaria Down Ltd. oder seinen Inhaltsanbietern und ist durch Urheberrecht, Markenrecht und andere Gesetze zum Schutz geistigen Eigentums gesch\u00fctzt. Ohne unsere vorherige schriftliche Zustimmung d\u00fcrfen Sie diese nicht vervielf\u00e4ltigen, verbreiten oder davon abgeleitete Werke erstellen.<\/p>\n<h2>Haftungsausschlu\u00df<\/h2>\n<h3>1. Keine Garantien<\/h3>\n<p>Die Website wird auf einer &#8222;wie besehen&#8220; und &#8222;wie verf\u00fcgbar&#8220; Basis bereitgestellt. Wir \u00fcbernehmen keine Garantie f\u00fcr die Richtigkeit, Vollst\u00e4ndigkeit oder Zuverl\u00e4ssigkeit des Inhalts oder f\u00fcr den ununterbrochenen Betrieb der Website.<\/p>\n<h3>2. Einschr\u00e4nkung der Haftung<\/h3>\n<p>Soweit gesetzlich zul\u00e4ssig, haftet Hungaria Down Ltd. nicht f\u00fcr direkte, indirekte, zuf\u00e4llige oder Folgesch\u00e4den, die sich aus der Nutzung der Website oder der Unm\u00f6glichkeit des Zugriffs auf diese Website ergeben.<\/p>\n<h2>Verbotene Aktivit\u00e4ten<\/h2>\n<p>Sie stimmen zu, dies nicht zu tun:<\/p>\n<ul data-spread=\"false\">\n<li>\n<p>die Website f\u00fcr ungesetzliche Zwecke zu nutzen<\/p>\n<\/li>\n<li>\n<p>den Versuch, sich unbefugten Zugang zu Systemen oder Netzwerken zu verschaffen<\/p>\n<\/li>\n<li>\n<p>sch\u00e4dlichen Code einzuf\u00fchren oder die Funktionalit\u00e4t der Website zu st\u00f6ren<\/p>\n<\/li>\n<li>\n<p>sich an Aktivit\u00e4ten zu beteiligen, die die Rechte anderer verletzen<\/p>\n<\/li>\n<\/ul>\n<h2>Links von Drittanbietern<\/h2>\n<p>Unsere Website kann Links zu Websites Dritter enthalten, um Ihnen den Zugang zu erleichtern. Wir sind nicht verantwortlich f\u00fcr den Inhalt oder die Praktiken dieser Websites. Der Zugriff auf Links von Dritten erfolgt auf Ihr eigenes Risiko.<\/p>\n<h2>\u00c4nderungen an diesen Bedingungen<\/h2>\n<p>Wir behalten uns das Recht vor, diese Bedingungen jederzeit zu aktualisieren. \u00c4nderungen werden auf dieser Seite mit einem aktualisierten &#8222;Zuletzt aktualisiert&#8220;-Datum ver\u00f6ffentlicht. Die fortgesetzte Nutzung der Website nach \u00c4nderungen bedeutet, dass Sie die \u00fcberarbeiteten Bedingungen akzeptieren.<\/p>\n<h2>Geltendes Recht<\/h2>\n<p>Diese Bedingungen unterliegen den Gesetzen Ungarns und werden in \u00dcbereinstimmung mit diesen ausgelegt. Alle Streitigkeiten, die sich aus diesen Bedingungen ergeben, unterliegen der ausschlie\u00dflichen Zust\u00e4ndigkeit der Gerichte in Ungarn.<\/p>\n<h2>Kontaktieren Sie uns<\/h2>\n<p>Wenn Sie Fragen zu diesen Bedingungen haben, kontaktieren Sie uns bitte:<\/p>\n<p><strong>Hungaria Down Ltd.<\/strong> E-Mail: <a>info@aurabedding.com,<\/a> Adresse: Ungarn, Mezokovacshaza, Vasarhelyi S. u 35<\/p>\t\t\t\t\t\t<\/div>\n\t\t\t\t<\/div>\n\t\t\t\t\t<\/div>\n\t\t\t\t<\/div>\n\t\t\t\t<\/div>\n\t\t","protected":false},"excerpt":{"rendered":"<p>Nutzungsbedingungen Einf\u00fchrung Willkommen auf www.aurabedding.com (die &#8222;Website&#8220;), betrieben von Hungaria Down Ltd. (&#8222;wir&#8220;, &#8222;uns&#8220;, oder &#8222;unser&#8220;). Indem Sie auf die Website zugreifen oder sie nutzen, erkl\u00e4ren Sie sich mit diesen Nutzungsbedingungen (&#8222;Bedingungen&#8220;) einverstanden und sind an sie gebunden. Wenn Sie mit diesen Bedingungen nicht einverstanden sind, nutzen Sie die Website bitte nicht. Website Nutzung 1. [&hellip;]<\/p>\n","protected":false},"author":1,"featured_media":0,"parent":0,"menu_order":0,"comment_status":"closed","ping_status":"closed","template":"","meta":{"footnotes":""},"class_list":["post-3801","page","type-page","status-publish","hentry"],"_links":{"self":[{"href":"https:\/\/aurabedding.com\/de\/index.php\/wp-json\/wp\/v2\/pages\/3801","targetHints":{"allow":["GET"]}}],"collection":[{"href":"https:\/\/aurabedding.com\/de\/index.php\/wp-json\/wp\/v2\/pages"}],"about":[{"href":"https:\/\/aurabedding.com\/de\/index.php\/wp-json\/wp\/v2\/types\/page"}],"author":[{"embeddable":true,"href":"https:\/\/aurabedding.com\/de\/index.php\/wp-json\/wp\/v2\/users\/1"}],"replies":[{"embeddable":true,"href":"https:\/\/aurabedding.com\/de\/index.php\/wp-json\/wp\/v2\/comments?post=3801"}],"version-history":[{"count":1,"href":"https:\/\/aurabedding.com\/de\/index.php\/wp-json\/wp\/v2\/pages\/3801\/revisions"}],"predecessor-version":[{"id":3802,"href":"https:\/\/aurabedding.com\/de\/index.php\/wp-json\/wp\/v2\/pages\/3801\/revisions\/3802"}],"wp:attachment":[{"href":"https:\/\/aurabedding.com\/de\/index.php\/wp-json\/wp\/v2\/media?parent=3801"}],"curies":[{"name":"wp","href":"https:\/\/api.w.org\/{rel}","templated":true}]}}